{"id":3427,"date":"2025-07-18T16:52:14","date_gmt":"2025-07-18T14:52:14","guid":{"rendered":"https:\/\/journal-festung.com\/imprint\/"},"modified":"2026-01-06T23:13:21","modified_gmt":"2026-01-06T22:13:21","slug":"imprint","status":"publish","type":"page","link":"https:\/\/journal-festung.com\/en\/imprint\/","title":{"rendered":"Imprint"},"content":{"rendered":"<p><div class=\"fusion-fullwidth fullwidth-box fusion-builder-row-1 fusion-flex-container has-pattern-background has-mask-background fusion-parallax-none nonhundred-percent-fullwidth non-hundred-percent-height-scrolling\" style=\"--link_hover_color: var(--awb-color5);--link_color: var(--awb-color1);--awb-border-radius-top-left:0px;--awb-border-radius-top-right:0px;--awb-border-radius-bottom-right:0px;--awb-border-radius-bottom-left:0px;--awb-padding-top:0px;--awb-padding-bottom:0px;--awb-margin-top:0px;--awb-min-height:500px;--awb-background-image:linear-gradient(180deg, rgba(255,255,255,0) 0%,rgba(0,0,0,0.74) 100%),url(https:\/\/journal-festung.com\/wp-content\/uploads\/2025\/07\/Festung-interdisciplinarna-instazivanja.webp);;--awb-background-size:cover;--awb-flex-wrap:wrap;\" ><div class=\"fusion-builder-row fusion-row fusion-flex-align-items-flex-start fusion-flex-align-content-flex-end fusion-flex-justify-content-center fusion-flex-content-wrap\" style=\"max-width:1664px;margin-left: calc(-4% \/ 2 );margin-right: calc(-4% \/ 2 );\"><div class=\"fusion-layout-column fusion_builder_column fusion-builder-column-0 fusion_builder_column_1_1 1_1 fusion-flex-column\" style=\"--awb-bg-size:cover;--awb-width-large:100%;--awb-margin-top-large:0px;--awb-spacing-right-large:1.92%;--awb-margin-bottom-large:42px;--awb-spacing-left-large:1.92%;--awb-width-medium:100%;--awb-order-medium:0;--awb-spacing-right-medium:1.92%;--awb-spacing-left-medium:1.92%;--awb-width-small:100%;--awb-order-small:0;--awb-spacing-right-small:1.92%;--awb-spacing-left-small:1.92%;\"><div class=\"fusion-column-wrapper fusion-column-has-shadow fusion-flex-justify-content-flex-start fusion-content-layout-column\"><div class=\"fusion-title title fusion-title-1 fusion-sep-none fusion-title-center fusion-title-text fusion-title-size-one fusion-animated\" style=\"--awb-text-color:var(--awb-color2);--awb-font-size:78px;\" data-animationType=\"fadeInUp\" data-animationDuration=\"0.8\" data-animationOffset=\"top-into-view\"><h1 class=\"fusion-title-heading title-heading-center fusion-responsive-typography-calculated\" style=\"font-family:var(--awb-typography1-font-family);font-weight:var(--awb-typography1-font-weight);font-style:var(--awb-typography1-font-style);margin:0;letter-spacing:var(--awb-typography1-letter-spacing);text-transform:var(--awb-typography1-text-transform);font-size:1em;--fontSize:78;line-height:var(--awb-typography1-line-height);\">Imprint<\/h1><\/div><div class=\"fusion-builder-row fusion-builder-row-inner fusion-row fusion-flex-align-items-flex-start fusion-flex-align-content-flex-end fusion-flex-justify-content-center fusion-flex-content-wrap\" style=\"width:104% !important;max-width:104% !important;margin-left: calc(-4% \/ 2 );margin-right: calc(-4% \/ 2 );\"><div class=\"fusion-layout-column fusion_builder_column_inner fusion-builder-nested-column-0 fusion_builder_column_inner_1_1 1_1 fusion-flex-column fusion-animated\" style=\"--awb-bg-size:cover;--awb-width-large:100%;--awb-margin-top-large:0px;--awb-spacing-right-large:1.92%;--awb-margin-bottom-large:0px;--awb-spacing-left-large:1.92%;--awb-width-medium:100%;--awb-order-medium:0;--awb-spacing-right-medium:1.92%;--awb-spacing-left-medium:1.92%;--awb-width-small:100%;--awb-order-small:0;--awb-spacing-right-small:1.92%;--awb-spacing-left-small:1.92%;\" data-animationType=\"zoomIn\" data-animationDuration=\"0.9\" data-animationOffset=\"top-into-view\"><div class=\"fusion-column-wrapper fusion-column-has-shadow fusion-flex-justify-content-flex-start fusion-content-layout-column\"><div class=\"fusion-separator\" style=\"align-self: center;margin-left: auto;margin-right: auto;margin-top:17px;margin-bottom:17px;width:100%;max-width:9%;\"><div class=\"fusion-separator-border sep-single sep-solid\" style=\"--awb-height:20px;--awb-amount:20px;--awb-sep-color:#e5e7eb;border-color:#e5e7eb;border-top-width:3px;\"><\/div><\/div><\/div><\/div><\/div><div class=\"fusion-text fusion-text-1 fusion-animated\" style=\"--awb-content-alignment:center;--awb-font-size:var(--awb-typography4-font-size);--awb-line-height:var(--awb-typography4-line-height);--awb-letter-spacing:var(--awb-typography4-letter-spacing);--awb-text-transform:var(--awb-typography4-text-transform);--awb-text-color:var(--awb-color1);--awb-text-font-family:var(--awb-typography4-font-family);--awb-text-font-weight:var(--awb-typography4-font-weight);--awb-text-font-style:var(--awb-typography4-font-style);\" data-animationType=\"fadeInUp\" data-animationDuration=\"0.9\" data-animationDelay=\"0.1\" data-animationOffset=\"top-into-view\"><p>FESTUNG \u2014 Journal for Interdisciplinary Research in Business<\/p>\n<p>ISSN 3102-1107<\/p>\n<\/div><\/div><\/div><\/div><\/div><div class=\"fusion-fullwidth fullwidth-box fusion-builder-row-2 fusion-flex-container has-pattern-background has-mask-background fusion-parallax-fixed nonhundred-percent-fullwidth non-hundred-percent-height-scrolling\" style=\"--link_hover_color: var(--awb-custom_color_2);--link_color: var(--awb-color6);--awb-border-radius-top-left:0px;--awb-border-radius-top-right:0px;--awb-border-radius-bottom-right:0px;--awb-border-radius-bottom-left:0px;--awb-padding-top:52px;--awb-padding-bottom:63px;--awb-background-image:linear-gradient(180deg, rgba(229,231,235,0.79) 0%,rgba(229,231,235,0.91) 100%),url(https:\/\/journal-festung.com\/wp-content\/uploads\/2025\/07\/festung-abstract.webp);;--awb-background-size:cover;--awb-flex-wrap:wrap;background-attachment:fixed;\" ><div class=\"fusion-builder-row fusion-row fusion-flex-align-items-flex-start fusion-flex-content-wrap\" style=\"max-width:1664px;margin-left: calc(-4% \/ 2 );margin-right: calc(-4% \/ 2 );\"><div class=\"fusion-layout-column fusion_builder_column fusion-builder-column-1 fusion_builder_column_1_1 1_1 fusion-flex-column\" style=\"--awb-bg-size:cover;--awb-width-large:100%;--awb-margin-top-large:0px;--awb-spacing-right-large:1.92%;--awb-margin-bottom-large:20px;--awb-spacing-left-large:1.92%;--awb-width-medium:100%;--awb-order-medium:0;--awb-spacing-right-medium:1.92%;--awb-spacing-left-medium:1.92%;--awb-width-small:100%;--awb-order-small:0;--awb-spacing-right-small:1.92%;--awb-spacing-left-small:1.92%;\"><div class=\"fusion-column-wrapper fusion-column-has-shadow fusion-flex-justify-content-flex-start fusion-content-layout-column\">\n<div class=\"table-2 fusion-no-small-visibility fusion-animated\" style=\"--awb-animation-color:var(--awb-color6);\" data-animationType=\"revealInLeft\" data-animationDuration=\"1.1\" data-animationDelay=\"0.3\" data-animationOffset=\"top-into-view\">\n<table width=\"100%\">\n<thead>\n<tr>\n<th style=\"text-align: left;\" align=\"left\">Function and Item<\/th>\n<th align=\"left\">Holder and Description<\/th>\n<\/tr>\n<\/thead>\n<tbody>\n<tr>\n<td align=\"left\"><strong>Journal Title<\/strong><\/td>\n<td align=\"left\">FESTUNG \u2014 Journal for Interdisciplinary Research in Business<\/td>\n<\/tr>\n<tr>\n<td align=\"left\"><strong>Publisher<\/strong><\/td>\n<td align=\"left\">Sveu\u010dili\u0161te u Slavonskom Brodu<br \/>\nUniversity of Slavonski Brod<\/td>\n<\/tr>\n<tr>\n<td align=\"left\"><strong>Editor-in-Chief<\/strong><\/td>\n<td align=\"left\">Mirko COBOVI\u0106<\/td>\n<\/tr>\n<tr>\n<td align=\"left\"><strong>Deputy Editors-in-Chief<\/strong><\/td>\n<td align=\"left\">Maja VRETENAR COBOVI\u0106<br \/>\nLena SIGURNJAK<br \/>\nSanja KNE\u017dEVI\u0106 KU\u0160LJI\u0106<\/td>\n<\/tr>\n<tr>\n<td align=\"left\"><strong>Honorary Editor<\/strong><\/td>\n<td align=\"left\">Antun STOI\u0106<\/td>\n<\/tr>\n<tr>\n<td align=\"left\"><strong>Technical Editor<\/strong><\/td>\n<td align=\"left\">Ivana LOVRI\u0106 SENJAK<\/td>\n<\/tr>\n<tr>\n<td align=\"left\"><strong>ISSN<\/strong><\/td>\n<td align=\"left\">3102-1107<\/td>\n<\/tr>\n<tr>\n<td align=\"left\"><strong>Editorial Board<\/strong><\/td>\n<td align=\"left\">Marinko STOJKOV, Matilda KOLI\u0106 STANI\u0106, Sara HAVRLI\u0160AN, \u017deljka ROSANDI\u0106 (all from the University of Slavonski Brod),<br \/>\nTomislav MATI\u0106 (Faculty of Electrical Engineering, Computer Science and Information Technology Osijek),<br \/>\nTomislav MATI\u0106 (Faculty of Electrical Engineering, Computer Science and Information Technology Osijek),<br \/>\nJerko GLAVA\u0160 (Faculty of Economics in Osijek),<br \/>\nHrvoje SERDARU\u0160I\u0106 (Faculty of Economics in Osijek),<br \/>\nLjiljana ZEKANOVI\u0106 KORONA (University of Zadar),<br \/>\nJurica BOSNA (University of Zadar),<br \/>\nKristian \u0110OKI\u0106 (Faculty of Tourism and Rural Development in Po\u017eega),<br \/>\nDejan TUBI\u0106 (Polytechnic in Virovitica),<br \/>\nNikola PAPAC (Faculty of Economics, University of Mostar, Bosnia and Herzegovina),<br \/>\n\u017deljko VOJINOVI\u0106 (Faculty of Economics Subotica, Serbia),<br \/>\nAbdelhamid NECHAD (Abdelmalek Essaadi University, Morocco),<br \/>\nTai Fei (Fachhochschule Dortmund, University of Applied Sciences and Arts, Germany)<\/td>\n<\/tr>\n<tr>\n<td align=\"left\"><strong>Advisory Board<\/strong><\/td>\n<td align=\"left\">Ivan SAMARD\u017dI\u0106, Goran \u0160IMUNOVI\u0106 (all from the University of Slavonski Brod),<br \/>\n\u017deljko HOCENSKI, Franjo JOVI\u0106 (all from the Faculty of Electrical Engineering, Computer Science and Information Technology Osijek),<br \/>\nBranko MATI\u0106 (Faculty of Economics in Osijek)<\/td>\n<\/tr>\n<tr>\n<td align=\"left\"><strong>Festung Journal<\/strong><\/td>\n<td align=\"left\">The journal provides a platform for the dissemination of the latest research and insights from experts in the social and technical sciences, with a special emphasis on topics in economy, economics, business, and cybersecurity. By publishing selected works, Festung Journal contributes to the expansion of knowledge and encourages further discussion on current challenges and opportunities in the aforementioned areas. Submissions are strictly controlled, and only those of exceptionally high quality, which align with the journal&#8217;s thematic scope, are sent for double-blind peer review.<\/td>\n<\/tr>\n<tr>\n<td align=\"left\"><strong>Review Process<\/strong><\/td>\n<td align=\"left\">External reviews, both domestic and international, for scientific and professional papers only, double-blind.<\/td>\n<\/tr>\n<tr>\n<td align=\"left\"><strong>Scope<\/strong><\/td>\n<td align=\"left\">Interdisciplinary field of social, technical, and natural sciences, specifically the fields of economics, information sciences, computer science, electrical engineering, mechanical engineering, and mathematics, as well as related areas concerning business research.<\/td>\n<\/tr>\n<tr>\n<td align=\"left\"><strong>Language<\/strong><\/td>\n<td align=\"left\">Papers are published in Croatian or English.<\/td>\n<\/tr>\n<tr>\n<td align=\"left\"><strong>Submission of Papers<\/strong><\/td>\n<td align=\"left\">Papers are submitted to the editorial board exclusively in electronic form via email: <a href=\"mailto:festung@unisb.hr\">festung@unisb.hr <\/a><\/td>\n<\/tr>\n<tr>\n<td align=\"left\"><strong>Articles published in the Journal are indexed in<\/strong><\/td>\n<td align=\"left\">Hr\u010dak \u2013 Portal of Scientific Journals of the Republic of Croatia (MZO, Srce &amp; HIDD)<\/td>\n<\/tr>\n<tr>\n<td align=\"left\"><strong>Usage Rights<\/strong><\/td>\n<td align=\"left\">The journal is open access. Papers published in the scientific journal Festung &#8211; Journal for Interdisciplinary Research in Business may be freely used for any purpose, with respect for the authors&#8217; and publisher&#8217;s copyrights and proper citation of the source. This provision is in accordance with the CC BY-NC-ND 4.0 license (Creative Commons Attribution Non-Commercial 4.0 International license) available at <a href=\"https:\/\/creativecommons.org\/licenses\/by-nc-nd\/4.0\/\" target=\"_blank\" rel=\"noopener\">https:\/\/creativecommons.org\/licenses\/by-nc-nd\/4.0\/<\/a><\/td>\n<\/tr>\n<tr>\n<td align=\"left\"><strong>Copyright\u00a9 2025.<\/strong><\/td>\n<td align=\"left\">University of Slavonski Brod \u2013 All rights reserved<\/p>\n<p>First year of publication: 2025<br \/>\nThe journal is published four times a year.<\/td>\n<\/tr>\n<\/tbody>\n<\/table>\n<\/div>\n<div class=\"fusion-text fusion-text-2 fusion-no-medium-visibility fusion-no-large-visibility\" style=\"--awb-content-alignment:center;--awb-font-size:14px;\"><p><strong>Publisher:<\/strong><br \/>\nSveu\u010dili\u0161te u Slavonskom Brodu<br \/>\nUniversity of Slavonski Brod<\/p>\n<p><strong>Editor-in-Chief:<\/strong><br \/>\nMirko COBOVI\u0106<\/p>\n<p><strong>Deputy Editors-in-Chief:<\/strong><br \/>\nMaja VRETENAR COBOVI\u0106<br \/>\nLena SIGURNJAK<br \/>\nSanja KNE\u017dEVI\u0106 KU\u0160LJI\u0106<\/p>\n<p><strong>Honorary Editor:<\/strong><br \/>\nAntun STOI\u0106<\/p>\n<p><strong>Technical Editor:<\/strong><br \/>\nIvana LOVRI\u0106 SENJAK<\/p>\n<p><strong>ISSN:<\/strong> 3102-1107<\/p>\n<p><strong>Editorial Board:<\/strong><br \/>\nMarinko STOJKOV, Matilda KOLI\u0106 STANI\u0106, Sara HAVRLI\u0160AN, \u017deljka ROSANDI\u0106<br \/>\n(all from the University of Slavonski Brod),<br \/>\nTomislav MATI\u0106<br \/>\n(Faculty of Electrical Engineering, Computer Science and Information Technology Osijek),<br \/>\nTomislav MATI\u0106<br \/>\n(Faculty of Electrical Engineering, Computer Science and Information Technology Osijek),<br \/>\nJerko GLAVA\u0160<br \/>\n(Faculty of Economics in Osijek),<br \/>\nHrvoje SERDARU\u0160I\u0106<br \/>\n(Faculty of Economics in Osijek),<br \/>\nLjiljana ZEKANOVI\u0106 KORONA<br \/>\n(University of Zadar),<br \/>\nJurica BOSNA<br \/>\n(University of Zadar),<br \/>\nKristian \u0110OKI\u0106<br \/>\n(Faculty of Tourism and Rural Development in Po\u017eega),<br \/>\nDejan TUBI\u0106<br \/>\n(Polytechnic in Virovitica),<br \/>\nNikola PAPAC<br \/>\n(Faculty of Economics, University of Mostar, Bosnia and Herzegovina),<br \/>\n\u017deljko VOJINOVI\u0106<br \/>\n(Faculty of Economics Subotica, Serbia),<br \/>\nAbdelhamid NECHAD<br \/>\n(Abdelmalek Essaadi University, Morocco),<br \/>\nTai Fei<br \/>\n(Fachhochschule Dortmund, University of Applied Sciences and Arts, Germany)<\/p>\n<p><strong>Advisory Board:<\/strong><br \/>\nIvan SAMARD\u017dI\u0106, Goran \u0160IMUNOVI\u0106<br \/>\n(all from the University of Slavonski Brod),<br \/>\n\u017deljko HOCENSKI<br \/>\n(Faculty of Electrical Engineering, Computer Science and Information Technology Osijek),<br \/>\nBranko MATI\u0106<br \/>\n(Faculty of Economics in Osijek)<\/p>\n<p><strong>Festung Journal:<\/strong><br \/>\nThe journal provides a platform for the dissemination of the latest research and insights from experts in the social and technical sciences, with a special emphasis on topics in economy, economics, business, management, and cybersecurity. By publishing selected works, Festung Journal contributes to the expansion of knowledge and encourages further discussion on current challenges and opportunities in the aforementioned areas. Submissions are strictly controlled, and only those of exceptionally high quality, which align with the journal&#8217;s thematic scope, are sent for double-blind peer review.  <\/p>\n<p><strong>Review Process:<\/strong><br \/>\nExternal reviews, both domestic and international, for scientific and professional papers only, double-blind.<\/p>\n<p><strong>Scope:<\/strong><br \/>\nInterdisciplinary field of social, technical, and natural sciences, specifically the fields of economics, information sciences, computer science, electrical engineering, mechanical engineering, and mathematics, as well as related areas concerning business research.<\/p>\n<p><strong>Language:<\/strong><br \/>\nPapers are published in Croatian or English.<\/p>\n<p><strong>Submission of Papers:<\/strong><br \/>\nPapers are submitted to the editorial board exclusively in electronic form via email: <a href=\"mailto:festung@unisb.hr\">festung@unisb.hr<\/a><\/p>\n<p><strong>Articles published in the Journal are indexed in:<\/strong><br \/>\nHr\u010dak \u2013 Portal of Scientific Journals of the Republic of Croatia (MZO, Srce &amp; HIDD)<\/p>\n<p><strong>Usage Rights:<\/strong><br \/>\nThe journal is open access. Papers published in the scientific journal Festung &#8211; Journal for Interdisciplinary Research in Business may be freely used for any purpose, with respect for the authors&#8217; and publisher&#8217;s copyrights and proper citation of the source. This provision is in accordance with the CC BY-NC-ND 4.0 license (Creative Commons Attribution Non-Commercial 4.0 International license) available at <a href=\"https:\/\/creativecommons.org\/licenses\/by-nc-nd\/4.0\/\" target=\"_blank\" rel=\"noopener\">https:\/\/creativecommons.org\/licenses\/by-nc-nd\/4.0\/<\/a>   <\/p>\n<p><strong>Copyright\u00a9 2025.<\/strong><br \/>\nUniversity of Slavonski Brod \u2013 All rights reserved<\/p>\n<p>First year of publication: 2025<br \/>\nThe journal is published four times a year.<\/p>\n<\/div><div style=\"text-align:center;\"><a class=\"fusion-button button-flat fusion-button-default-size button-custom fusion-button-default button-1 fusion-button-default-span fusion-button-default-type\" style=\"--button_accent_color:var(--awb-color6);--button_border_color:var(--awb-color6);--button_accent_hover_color:var(--awb-color6);--button_border_hover_color:var(--awb-color6);--button_border_width-top:3px;--button_border_width-right:0px;--button_border_width-bottom:3px;--button_border_width-left:0px;--button-border-radius-top-left:0px;--button-border-radius-top-right:0px;--button-border-radius-bottom-right:0px;--button-border-radius-bottom-left:0px;--button_gradient_top_color:rgba(255,255,255,0);--button_gradient_bottom_color:rgba(255,255,255,0);--button_gradient_top_color_hover:rgba(67,69,73,0);--button_gradient_bottom_color_hover:rgba(67,69,73,0);--button_margin-top:60px;\" target=\"_blank\" rel=\"noopener noreferrer\" data-hover=\"text_slide_up\" href=\"https:\/\/journal-festung.com\/wp-content\/uploads\/2025\/08\/Poslovnik-o-radu-FESTUNG-web.pdf\"><div class=\"awb-button-text-transition \"><span class=\"fusion-button-text awb-button__text awb-button__text--default\">Rules of Procedure<\/span><span class=\"fusion-button-text awb-button__text awb-button__text--default\">Rules of Procedure<\/span><\/div><i class=\"fa-file-alt fas awb-button__icon awb-button__icon--default button-icon-right\" aria-hidden=\"true\"><\/i><\/a><\/div><div class=\"fusion-title title fusion-title-2 fusion-sep-none fusion-title-center fusion-title-text fusion-title-size-one\" style=\"--awb-text-color:rgba(252,252,252,0);--awb-font-size:12px;\"><h1 class=\"fusion-title-heading title-heading-center fusion-responsive-typography-calculated\" style=\"margin:0;font-size:1em;--fontSize:12;line-height:var(--awb-typography1-line-height);\">Regulations and Rules of Procedure<\/h1><\/div><\/div><\/div><\/div><\/div><\/p>\n","protected":false},"excerpt":{"rendered":"","protected":false},"author":3,"featured_media":0,"parent":0,"menu_order":0,"comment_status":"closed","ping_status":"closed","template":"100-width.php","meta":{"_acf_changed":false,"footnotes":""},"class_list":["post-3427","page","type-page","status-publish","hentry"],"acf":[],"_links":{"self":[{"href":"https:\/\/journal-festung.com\/en\/wp-json\/wp\/v2\/pages\/3427","targetHints":{"allow":["GET"]}}],"collection":[{"href":"https:\/\/journal-festung.com\/en\/wp-json\/wp\/v2\/pages"}],"about":[{"href":"https:\/\/journal-festung.com\/en\/wp-json\/wp\/v2\/types\/page"}],"author":[{"embeddable":true,"href":"https:\/\/journal-festung.com\/en\/wp-json\/wp\/v2\/users\/3"}],"replies":[{"embeddable":true,"href":"https:\/\/journal-festung.com\/en\/wp-json\/wp\/v2\/comments?post=3427"}],"version-history":[{"count":2,"href":"https:\/\/journal-festung.com\/en\/wp-json\/wp\/v2\/pages\/3427\/revisions"}],"predecessor-version":[{"id":3430,"href":"https:\/\/journal-festung.com\/en\/wp-json\/wp\/v2\/pages\/3427\/revisions\/3430"}],"wp:attachment":[{"href":"https:\/\/journal-festung.com\/en\/wp-json\/wp\/v2\/media?parent=3427"}],"curies":[{"name":"wp","href":"https:\/\/api.w.org\/{rel}","templated":true}]}}